{"id":103,"date":"2018-06-15T08:11:18","date_gmt":"2018-06-15T08:11:18","guid":{"rendered":"http:\/\/web.meteo.mcgill.ca\/cdufour\/?page_id=103"},"modified":"2023-06-27T14:43:25","modified_gmt":"2023-06-27T14:43:25","slug":"resources","status":"publish","type":"page","link":"https:\/\/web.meteo.mcgill.ca\/cdufour\/resources\/","title":{"rendered":"More"},"content":{"rendered":"<h4>Useful links to ocean data and ocean science outreach<\/h4>\n<p>&#8211; National Snow &amp; Ice Data Center (NSIDC) &#8211; <a href=\"https:\/\/nsidc.org\/cryosphere\/seaice\/index.html\" target=\"_blank\" rel=\"noopener\">here<\/a><br \/>\n&#8211; National\u00a0Aeronautics and Space\u00a0Administration (NASA) &#8211; <a href=\"https:\/\/www.nasa.gov\/\" target=\"_blank\" rel=\"noopener\">here<\/a><br \/>\n&#8211; National Oceanic and Atmospheric Administration (NOAA) &#8211; <a href=\"http:\/\/www.noaa.gov\/\" target=\"_blank\" rel=\"noopener\">here<\/a><br \/>\n&#8211; University Corporation for Atmospheric Research (UCAR) &#8211; <a href=\"https:\/\/www2.ucar.edu\/\" target=\"_blank\" rel=\"noopener\">here<\/a><br \/>\n&#8211; MetOffice &#8211; <a href=\"https:\/\/www.metoffice.gov.uk\/\" target=\"_blank\" rel=\"noopener\">here<\/a><br \/>\n&#8211; European Space Agency (ESA) &#8211;\u00a0<a href=\"http:\/\/www.esa.int\/ESA\" target=\"_blank\" rel=\"noopener\">here<\/a><br \/>\n&#8211; Intergovernmental Panel on Climate Change (IPCC) &#8211; <a href=\"http:\/\/www.ipcc.ch\/report\/ar5\/wg1\/\" target=\"_blank\" rel=\"noopener\">5th assessment report<\/a><br \/>\n&#8211; Argo Program &#8211; <a href=\"http:\/\/www.argo.ucsd.edu\/\" target=\"_blank\" rel=\"noopener\">here<\/a><\/p>\n<h4 align=\"left\">Some interesting videos<\/h4>\n<p>&#8211; Vsauce, &#8220;Water Is Amazing&#8221; &#8211; <a href=\"https:\/\/www.youtube.com\/watch?v=9m3dQC6IfwY\" target=\"_blank\" rel=\"noopener\">here<\/a><br \/>\n&#8211; National Geographic, Climate Change 101 with Bill Nye &#8211; <a href=\"https:\/\/www.youtube.com\/watch?v=EtW2rrLHs08\" target=\"_blank\" rel=\"noopener\">here<\/a><br \/>\n&#8211; Neil DeGrasse Tyson&#8217;s Simple Explanation of Climate Change &#8211; <a href=\"https:\/\/www.youtube.com\/watch?v=6VUPIX7yEOM\" target=\"_blank\" rel=\"noopener\">here<\/a><\/p>\n<p><em>For the francophones<\/em><br \/>\n&#8211; C\u00e9dric Villani, &#8220;La naissance des id\u00e9es&#8221; &#8211;\u00a0 <a href=\"https:\/\/www.youtube.com\/watch?v=crM1Z-x-o_Q\" target=\"_blank\" rel=\"noopener\">ici<\/a><br \/>\n&#8211; Sciences \u00e9tonnantes, &#8220;Faut-il croire au r\u00e9chauffement climatique ?&#8221; &#8211; <a href=\"https:\/\/www.youtube.com\/watch?v=R6eywXdssMw\" target=\"_blank\" rel=\"noopener\">ici<\/a><br \/>\n&#8211; Laure Saint-Raymond, &#8220;La science dont je r\u00eave&#8221;, discours \u00e0 l&#8217;Acad\u00e9mie des Sciences &#8211; <a href=\"https:\/\/www.youtube.com\/watch?v=_sDptYB2kxk\" target=\"_blank\" rel=\"noopener\">ici<\/a><\/p>\n","protected":false},"excerpt":{"rendered":"<p>Useful links to ocean data and ocean science outreach &#8211; National Snow &amp; Ice Data Center (NSIDC) &#8211; here &#8211; National\u00a0Aeronautics and Space\u00a0Administration (NASA) &#8211; here &#8211; National Oceanic and Atmospheric Administration (NOAA) &#8211; here &#8211; University Corporation for Atmospheric Research (UCAR) &#8211; here &#8211; MetOffice &#8211; here &#8211; European Space Agency (ESA) &#8211;\u00a0here &#8211; &hellip; <a href=\"https:\/\/web.meteo.mcgill.ca\/cdufour\/resources\/\" class=\"more-link\">Continue reading<span class=\"screen-reader-text\"> &#8220;More&#8221;<\/span><\/a><\/p>\n","protected":false},"author":2,"featured_media":0,"parent":0,"menu_order":0,"comment_status":"closed","ping_status":"closed","template":"","meta":[],"_links":{"self":[{"href":"https:\/\/web.meteo.mcgill.ca\/cdufour\/wp-json\/wp\/v2\/pages\/103"}],"collection":[{"href":"https:\/\/web.meteo.mcgill.ca\/cdufour\/wp-json\/wp\/v2\/pages"}],"about":[{"href":"https:\/\/web.meteo.mcgill.ca\/cdufour\/wp-json\/wp\/v2\/types\/page"}],"author":[{"embeddable":true,"href":"https:\/\/web.meteo.mcgill.ca\/cdufour\/wp-json\/wp\/v2\/users\/2"}],"replies":[{"embeddable":true,"href":"https:\/\/web.meteo.mcgill.ca\/cdufour\/wp-json\/wp\/v2\/comments?post=103"}],"version-history":[{"count":7,"href":"https:\/\/web.meteo.mcgill.ca\/cdufour\/wp-json\/wp\/v2\/pages\/103\/revisions"}],"predecessor-version":[{"id":198,"href":"https:\/\/web.meteo.mcgill.ca\/cdufour\/wp-json\/wp\/v2\/pages\/103\/revisions\/198"}],"wp:attachment":[{"href":"https:\/\/web.meteo.mcgill.ca\/cdufour\/wp-json\/wp\/v2\/media?parent=103"}],"curies":[{"name":"wp","href":"https:\/\/api.w.org\/{rel}","templated":true}]}}