{"id":105,"date":"2018-06-15T08:11:18","date_gmt":"2018-06-15T08:11:18","guid":{"rendered":"http:\/\/web.meteo.mcgill.ca\/cdufour\/?page_id=105"},"modified":"2026-03-09T08:54:24","modified_gmt":"2026-03-09T08:54:24","slug":"grants-and-awards","status":"publish","type":"page","link":"https:\/\/web.meteo.mcgill.ca\/cdufour\/grants-and-awards\/","title":{"rendered":"Grants &#038; Awards"},"content":{"rendered":"<h3>Grants<\/h3>\n<p><strong><span style=\"color: #800080;\">ANR &#8211; Programme Jeunes Chercheuses Jeunes Chercheurs (2026-2029)<\/span><br \/>\n<\/strong>Impact of ocean mesoscale on heat transport up to sea ice in the Arctic and Antarctic<\/p>\n<p><strong><span style=\"color: #800080;\">FRQNT &#8211; Programme Samuel-De-Champlain (2023-2025)<\/span><br \/>\n<\/strong>R\u00f4le de la m\u00e9so\u00e9chelle oc\u00e9anique dans les changements de circulation, de transport de chaleur et de banquise en Arctique<\/p>\n<p><span style=\"color: #800080;\"><strong>FRQNT-\u00a0<span dir=\"ltr\">Research Support for New Academics<\/span> (2021-2022)<\/strong><\/span><br \/>\nRole of bathymetry and mesoscale eddies in ocean heat transport toward the Arctic basin<\/p>\n<p><span style=\"color: #800080;\"><strong>NSERC Discovery Grant (2018-2023)<\/strong><\/span><br \/>\n<span style=\"color: #800080;\"><strong>&amp; NSERC Accelerator Supplements\u00a0 (2018-2020)<\/strong><\/span><br \/>\nUptake, transport and subduction of heat and carbon in the Southern\u00a0 Ocean<\/p>\n<h3>Awards &amp; Fellowships<\/h3>\n<p><strong><span style=\"color: #008000;\">Canada Foundation for Innovation &#8211; John R. Evans Leaders Fund (2019-2024)<\/span><\/strong><br \/>\nComputational Ocean Sea Ice Laboratory<\/p>\n<p><strong><span style=\"color: #008000;\">Canada Research Chair &#8211; Tier II (2020-2025)<\/span><\/strong><br \/>\nResponse of polar oceans to climate change<\/p>\n","protected":false},"excerpt":{"rendered":"<p>Grants ANR &#8211; Programme Jeunes Chercheuses Jeunes Chercheurs (2026-2029) Impact of ocean mesoscale on heat transport up to sea ice in the Arctic and Antarctic FRQNT &#8211; Programme Samuel-De-Champlain (2023-2025) R\u00f4le de la m\u00e9so\u00e9chelle oc\u00e9anique dans les changements de circulation, de transport de chaleur et de banquise en Arctique FRQNT-\u00a0Research Support for New Academics (2021-2022) &hellip; <a href=\"https:\/\/web.meteo.mcgill.ca\/cdufour\/grants-and-awards\/\" class=\"more-link\">Continue reading<span class=\"screen-reader-text\"> &#8220;Grants &#038; Awards&#8221;<\/span><\/a><\/p>\n","protected":false},"author":2,"featured_media":0,"parent":0,"menu_order":0,"comment_status":"closed","ping_status":"closed","template":"","meta":[],"_links":{"self":[{"href":"https:\/\/web.meteo.mcgill.ca\/cdufour\/wp-json\/wp\/v2\/pages\/105"}],"collection":[{"href":"https:\/\/web.meteo.mcgill.ca\/cdufour\/wp-json\/wp\/v2\/pages"}],"about":[{"href":"https:\/\/web.meteo.mcgill.ca\/cdufour\/wp-json\/wp\/v2\/types\/page"}],"author":[{"embeddable":true,"href":"https:\/\/web.meteo.mcgill.ca\/cdufour\/wp-json\/wp\/v2\/users\/2"}],"replies":[{"embeddable":true,"href":"https:\/\/web.meteo.mcgill.ca\/cdufour\/wp-json\/wp\/v2\/comments?post=105"}],"version-history":[{"count":32,"href":"https:\/\/web.meteo.mcgill.ca\/cdufour\/wp-json\/wp\/v2\/pages\/105\/revisions"}],"predecessor-version":[{"id":447,"href":"https:\/\/web.meteo.mcgill.ca\/cdufour\/wp-json\/wp\/v2\/pages\/105\/revisions\/447"}],"wp:attachment":[{"href":"https:\/\/web.meteo.mcgill.ca\/cdufour\/wp-json\/wp\/v2\/media?parent=105"}],"curies":[{"name":"wp","href":"https:\/\/api.w.org\/{rel}","templated":true}]}}