{"id":98,"date":"2018-06-15T08:11:18","date_gmt":"2018-06-15T08:11:18","guid":{"rendered":"http:\/\/web.meteo.mcgill.ca\/cdufour\/?page_id=98"},"modified":"2026-03-09T08:52:27","modified_gmt":"2026-03-09T08:52:27","slug":"publications","status":"publish","type":"page","link":"https:\/\/web.meteo.mcgill.ca\/cdufour\/publications\/","title":{"rendered":"Publications"},"content":{"rendered":"<h4>Peer-reviewed publications<\/h4>\n<p><span style=\"color: #33cccc;\"><strong>Submitted\/In review\/Under revision<\/strong><\/span><\/p>\n<p>Martin, T., Dufour, C. O., Meijers, A. J. S., and Hancock, A. M. (in revision):<strong> Opinion: Status, Plans and Needs of Southern Ocean Modelling<\/strong>,\u00a0EGUsphere [<a href=\"https:\/\/doi.org\/10.5194\/egusphere-2026-213\">preprint<\/a>]. Publisher&#8217;s official version: [<a href=\"https:\/\/doi.org\/10.5194\/egusphere-2026-213\">link<\/a>], Open access version: [<a href=\"https:\/\/archimer.ifremer.fr\/doc\/01006\/111785\/\">link<\/a>].<em><br \/>\n<\/em><\/p>\n<p>Spira, T., I. Frenger, C. O. Dufour and Coauthors (in revision): <strong>No longer polar opposites? Similarities in recent Arctic and Antarctic sea ice change. <\/strong><em>Bulletin of the American Meteorology Society.<\/em><\/p>\n<p>de Marez, C., M. Auger, and C. O. Dufour (under review): <strong>SWOT reveals mesoscale eddy hotspots and deserts in subpolar and polar oceans. <\/strong><em>Brief Communication in<\/em> <em>Nature Geosciences. <\/em>Publisher&#8217;s official version: [<a href=\"https:\/\/doi.org\/10.21203\/rs.3.rs-8396214\/v1\">link<\/a>], Open Access version: [<a href=\"https:\/\/archimer.ifremer.fr\/doc\/01003\/111441\/\">link<\/a>].<\/p>\n<p><span style=\"color: #33cccc;\"><strong>2026<\/strong><\/span><\/p>\n<p>Planat, N., Dufour, C. O., Lique, C., Rieck, J. K., Talandier, C., and Tremblay, L. B. (2026): <strong>Characteristics of ocean mesoscale eddies in the Canadian Basin from a high resolution pan-Arctic model<\/strong>.<em> Ocean Science<\/em>, <em>22, 653\u2013678.<\/em> Publisher&#8217;official version:[<a href=\"https:\/\/os.copernicus.org\/articles\/22\/653\/2026\/\">link<\/a>], Open Access version: [<a href=\"https:\/\/archimer.ifremer.fr\/doc\/00969\/108055\/\">link<\/a>].<\/p>\n<p>Le Chev\u00e8re S., C. O. Dufour, L. Bopp and M. L\u00e9vy\u00a0 (2026): <strong>Physical processes driving carbon subduction in the Southern Ocean in an eddy-permitting model.<\/strong> <em>Global Biogeochemical Cycles, <span class=\"vol\">40<\/span>, e2024GB008416. <\/em>Publisher&#8217;official version: [<a class=\"linkBehavior\" href=\"https:\/\/doi.org\/10.1029\/2024GB008416\">link<\/a>], Open Access version [<a href=\"https:\/\/archimer.ifremer.fr\/doc\/01005\/111643\/\">link<\/a>].<\/p>\n<p><span style=\"color: #33cccc;\"><strong>2025<\/strong><\/span><\/p>\n<p>Rieck, J. K., J. Mart\u0131\u0301nez Moreno, C. Lique, C. O. Dufour, and C. Talandier (2025): <strong>Mean Kinetic Energy and its Projected Changes Dominate over Eddy Kinetic Energy in the Arctic Ocean, <\/strong><em>Geophysical Research Letters,<\/em> <span class=\"vol\">52<\/span>, e2025GL117957. Publisher&#8217;s official version: [<a href=\"https:\/\/doi.org\/10.1029\/2025GL117957\">link<\/a>], Open Access version: [<a href=\"https:\/\/archimer.ifremer.fr\/doc\/00986\/109807\/\">link<\/a>].<\/p>\n<p>N. Planat, L. B. Tremblay, C. O. Dufour and D. Straub (2025): <strong>Seasonal and decadal geostrophic pathways of Pacific and Atlantic Waters in the Arctic Amerasian Basin from observations<\/strong> . <em>Journal of Geophysical Research &#8211; Oceans, <\/em>\u00a0<span class=\"vol\">130<\/span>, e2024JC021560. Publisher&#8217;s official version: [<a href=\"https:\/\/doi.org\/10.1029\/2024JC021560\">link<\/a>].<\/p>\n<p>Rieck, J. K., C. O. Dufour, L.-P. Nadeau, and A. F. Thompson (2025): <strong><span dir=\"ltr\" role=\"presentation\">Heat transport towards sea ice by transient processes and coherent <\/span><\/strong><span dir=\"ltr\" role=\"presentation\"><strong>mesoscale eddies in an idealized Southern Ocean.<\/strong>\u00a0<i>Journal of Physical Oceanography<\/i>, <b>55<\/b>, 377\u2013396 [<a href=\"https:\/\/doi.org\/10.1175\/JPO-D-24-0073.1\">link<\/a>].<\/span><\/p>\n<p><span style=\"color: #33cccc;\"><strong>2024<\/strong><\/span><\/p>\n<p>Jutras, M., N. Planat, C. O. Dufour, and L. Talbot (2024): <strong>Machine Learning-based clustering of oceanic Lagrangian particles: identification of the main pathways of the Labrador Current.<\/strong><em> Journal of Advances in Modeling Earth Systems, <\/em><span class=\"vol\">16<\/span>, e2023MS003902 [<a href=\"https:\/\/doi.org\/10.1029\/2023MS003902\">link<\/a>]<em>.<br \/>\n<\/em><\/p>\n<p><strong><span style=\"color: #33cccc;\">2023<\/span><\/strong><\/p>\n<p>Fortin, A.-S., C. O. Dufour, T. M. Merlis and R. Msadek (2023): <strong>Geostrophic and Mesoscale Eddy Contributions to the Atlantic Meridional Overturning Circulation Decline Under CO2 Increase in the GFDL CM2-O Model Suite.<\/strong> <em>Journal of Climate,<\/em> <b>36<\/b>, 6481\u20136498 [<a href=\"https:\/\/doi.org\/10.1175\/JCLI-D-22-0561.1\">link<\/a>].<em><br \/>\n<\/em><\/p>\n<p>Jutras, M., C. O. Dufour, A. Mucci and L. Talbot (2023): <strong>Remote control of the retroflection of the Labrador Current.<\/strong><em> Nature Communications, 14, 2623 <\/em>[<a href=\"https:\/\/doi.org\/10.1038\/s41467-023-38321-y\">link<\/a>]. \u2192 Selected as one of the top 10 scientific discoveries of the year by the Qu\u00e9bec Science magazine [<a id=\"LPlnk\" title=\"https:\/\/www.quebecscience.qc.ca\/sciences\/les-decouvertes-de-2023\/courant-labrador-detourne-vent\/\" href=\"https:\/\/www.quebecscience.qc.ca\/sciences\/les-decouvertes-de-2023\/courant-labrador-detourne-vent\/\">article<\/a>].<\/p>\n<p><span style=\"color: #33cccc;\"><strong>2022<\/strong><\/span><\/p>\n<p>Kelson, R. L., D. N. Straub and C. O. Dufour (2022): <strong>Using CMIP6 models to assess the significance of the observed trend in the Atlantic Meridional Overturning Circulation<\/strong>. <em>Geophysical Research Letters,\u00a0<\/em><span class=\"vol\">49<\/span>, e2022GL100202 [<a href=\"https:\/\/doi.org\/10.1029\/2022GL100202\">link<\/a>][<a href=\"https:\/\/escholarship.mcgill.ca\/concern\/articles\/sf268b52x?locale=en\">preprint<\/a>].<em><br \/>\n<\/em><\/p>\n<p>Decuyp\u00e8re, M., L. B. Tremblay and C. O. Dufour (2022):\u00a0<strong>Impact of ocean heat transport on Arctic sea ice variability in the GFDL CM2-O model suite.\u00a0 <\/strong><em>Journal of Geophysical Research &#8211; Oceans,\u00a0 127,\u00a0e2021JC017762 <\/em>[<a href=\"https:\/\/doi.org\/10.1029\/2021JC017762\">link<\/a>][<a href=\"https:\/\/agupubs.onlinelibrary.wiley.com\/doi\/epdf\/10.1029\/2021JC017762\">pdf<\/a>]<\/p>\n<p><strong><span style=\"color: #33cccc;\">2021<\/span><\/strong><\/p>\n<p>Lockwood, J. W, C. O. Dufour, S. M. Griffies and M. Winton (2021): <strong>On the role of the Antarctic<\/strong><br \/>\n<strong>Slope Front on the occurrence of the Weddell Sea polynya under climate change<\/strong>. <em>Journal of Climate<\/em>, 1-56. [<a href=\"https:\/\/doi.org\/10.1175\/JCLI-D-20-0069.1\">link<\/a>]<\/p>\n<p><span style=\"color: #33cccc;\"><strong>2020<\/strong><\/span><\/p>\n<p>Jutras, M, C. O. Dufour, A. Mucci, F. Cyr and D. Gilbert (2020): <strong>Temporal changes in the<\/strong><br \/>\n<strong>causes of the observed oxygen decline in the St. Lawrence Estuary.<\/strong> <em>Journal of Geophysical Research &#8211;<\/em><br \/>\n<em>Oceans,<\/em>\u00a0<span class=\"vol\">125<\/span>, e2020JC016577. [<a href=\"https:\/\/agupubs.onlinelibrary.wiley.com\/doi\/10.1029\/2020JC016577\">link<\/a>][<a href=\"https:\/\/escholarship.mcgill.ca\/concern\/articles\/9c67ws33f?locale=en\">pdf<\/a>]<em><br \/>\n<\/em><\/p>\n<p><span style=\"color: #33cccc;\"><strong>2019<\/strong><\/span><\/p>\n<p>Sulpis, O., C. O. Dufour, D. S. Trossman, A. J. Fassbender, B. K. Arbic, B. P. Boudreau, J. P. Dunne, A. Mucci (2019): <strong>Decreasing bottom-current speeds and seafloor CaCO3 dissolution under a business-as-usual scenario.<\/strong> <em>Global Biogeochemical Cycles<\/em>, 33, <span class=\"pageFirst\">1654<\/span>\u2013 <span class=\"pageLast\">1673<\/span>. [<a href=\"https:\/\/doi.org\/10.1029\/2019GB006230\">link<\/a>][<a href=\"https:\/\/escholarship.mcgill.ca\/concern\/articles\/b5644x03z?locale=en\">pdf<\/a>]<\/p>\n<p>Adcroft, A., W. Anderson, C. Blanton, M. Bushuk, C. O. Dufour and Co-authors (2019): <strong>The GFDL Global Ocean and Sea Ice Model OM4.0: Model Description and Simulation Features.<\/strong> <em>Journal of Advances in Modeling Earth Systems, <span class=\"vol\">11<\/span>, <span class=\"pageFirst\">3167<\/span>\u2013 <span class=\"pageLast\">3211<\/span>. <\/em>[<a href=\"https:\/\/doi.org\/10.1029\/2019MS001726\">link<\/a>][open access]<em><br \/>\n<\/em><\/p>\n<p>Chen, H., A. K. Morrison, C. O. Dufour, J. L. Sarmiento (2019): <strong>Deciphering patterns and drivers of anthropogenic heat and carbon storage in the Southern Ocean. <\/strong><em>Geophysical Research Letters, 46<\/em>. <a href=\"https:\/\/doi.org\/10.1029\/2018GL080961\">[link]<\/a>[<a href=\"https:\/\/escholarship.mcgill.ca\/concern\/articles\/mc87pv675?locale=en\">pdf<\/a>]<\/p>\n<p><strong><span style=\"color: #33cccc;\">2018<\/span><\/strong><\/p>\n<p>Yamamoto, A., J. B. Palter, C. O. Dufour, S. M. Griffies, D. Bianchi, M. Claret, J. P. Dunne, I. Frenger, E. D. Galbraith (2018): <strong>Roles of the Ocean Mesoscale in the Horizontal Supply of Mass, Heat, Carbon, and Nutrients to the Northern Hemisphere Subtropical Gyres.<\/strong> <em>Journal of Geophysical Research &#8211; Oceans<\/em>, 123. [<a href=\"https:\/\/doi.org\/10.1029\/2018JC013969\">link<\/a>][<a href=\"http:\/\/digitool.Library.McGill.CA:80\/R\/-?func=dbin-jump-full&amp;object_id=168601&amp;silo_library=GEN01\">pdf<\/a>]<\/p>\n<p>Tarshish, N., R. Abernathey, C. Zhang, C. O. Dufour, I. Frenger, S. M. Griffies (2018): <strong>Identifying Lagrangian coherent vortices in a mesoscale ocean model<\/strong>. <em>Ocean Modelling,<\/em> 130, 15-28. <a href=\"https:\/\/www.sciencedirect.com\/science\/article\/pii\/S1463500318302348\">[link]<\/a><\/p>\n<p><span style=\"color: #33cccc;\"><strong>2017<\/strong><\/span><\/p>\n<p>Goddard, P., C. O. Dufour, J. Yin, S. M. Griffies, and M. Winton (2017): <strong>CO2-induced ocean warming around the Antarctic ice sheet in an eddying global climate model.<\/strong> <em>Journal of Geophysical Research &#8211; Oceans<\/em>, 122, 8079-8101. [<a href=\"https:\/\/agupubs.onlinelibrary.wiley.com\/doi\/abs\/10.1002\/2017JC012849\" target=\"_blank\" rel=\"noopener\">link<\/a>][<a href=\"http:\/\/digitool.Library.McGill.CA:80\/R\/-?func=dbin-jump-full&amp;object_id=162565&amp;silo_library=GEN01\">pdf]<\/a><\/p>\n<p>Kamenkovich, I., A. Haza, A. R. Gray, C. O. Dufour, Z. Garraffo (2017): <strong>Observing System Simulation Experiments for an array of autonomous biogeochemical profiling floats in the Southern Ocean<\/strong>.<em> Journal of Geophysical Research &#8211; Oceans, <\/em>122, 7595-7611. [<a href=\"https:\/\/agupubs.onlinelibrary.wiley.com\/doi\/full\/10.1002\/2017JC012819\" target=\"_blank\" rel=\"noopener\">link<\/a>][<a href=\"http:\/\/digitool.Library.McGill.CA:80\/R\/-?func=dbin-jump-full&amp;object_id=162566&amp;silo_library=GEN01\">pdf<\/a>]<\/p>\n<p>Dufour, C. O., A. K. Morrison, S. M. Griffies, I. Frenger, H. Zanowski, and M. Winton (2017): <strong>Preconditioning of the Weddell Sea polynya by the ocean mesoscale and dense water overflows<\/strong>. <em>Journal of Climate<\/em>, 30, 7719-7737. [<a href=\"https:\/\/doi.org\/10.1175\/JCLI-D-16-0586.1\" target=\"_blank\" rel=\"noopener\">link<\/a>][<a href=\"http:\/\/digitool.Library.McGill.CA:80\/R\/-?func=dbin-jump-full&amp;object_id=168597&amp;silo_library=GEN01\">pdf<\/a>]<\/p>\n<p>Tamsitt, V., H. Drake , A. K. Morrison , L. D. Talley , C. O. Dufour , A. R. Gray , S. M. Griffies , M. R. Mazloff , J. L. Sarmiento , J. Wang , W. Weijer (2017):<strong> Spiraling up: pathways of global deep waters to the surface of the Southern Ocean<\/strong>. <em>Nature Communications<\/em>, 8, 172. [<a href=\"https:\/\/www.nature.com\/articles\/s41467-017-00197-0\" target=\"_blank\" rel=\"noopener\">link<\/a>][<a href=\"http:\/\/digitool.Library.McGill.CA:80\/R\/-?func=dbin-jump-full&amp;object_id=162567&amp;silo_library=GEN01\">pdf<\/a>]<\/p>\n<p><strong><span style=\"color: #33cccc;\">2015<\/span><\/strong><\/p>\n<p>Galbraith E. D., J. P. Dunne, A. Gnanadesikan, R. D. Slater, J. L. Sarmiento, C. O. Dufour, G. F. de Souza, D. Bianchi, M. Claret, K. B. Rodgers, S. S. Marvasti (2015): <strong>Complex functionality with minimal computation: promise and pitfalls of reduced-tracer ocean biogeochemistry models<\/strong>. <em>Journal of Advances in Modeling Earth Systems<\/em>, 7, 2012-2028. [<a href=\"https:\/\/agupubs.onlinelibrary.wiley.com\/doi\/full\/10.1002\/2015MS000463\" target=\"_blank\" rel=\"noopener\">link<\/a>][<a href=\"http:\/\/digitool.Library.McGill.CA:80\/R\/-?func=dbin-jump-full&amp;object_id=162562&amp;silo_library=GEN01\">pdf<\/a>]<\/p>\n<p>Dufour, C. O., S. M. Griffies, G. F. de Souza, I. Frenger, A. K. Morrison, J. B. Palter, J. L. Sarmiento, E. D. Galbraith, J. P. Dunne, W. G. Anderson, R. D. Slater (2015):<strong> Role of mesoscale eddies in cross-frontal transport of heat and biogeochemical tracers in the Southern Ocean<\/strong>. <em>Journal of Physical Oceanography<\/em>, 45, 3057-3081. [<a href=\"https:\/\/journals.ametsoc.org\/doi\/abs\/10.1175\/JPO-D-14-0240.1\" target=\"_blank\" rel=\"noopener\">link<\/a>][<a href=\"http:\/\/digitool.Library.McGill.CA:80\/R\/-?func=dbin-jump-full&amp;object_id=168602&amp;silo_library=GEN01\">pdf<\/a>]<\/p>\n<p>Griffies, S. M., M. Winton, W. G. Anderson, R. Benson, T. L. Delworth, C. O. Dufour, J. P. Dunne, P. Goddard, A. K. Morrison, A. Rosati, A. Wittenberg, J. Yin, R. Zhang (2015): <strong>Impacts on ocean heat from transient mesoscale eddies in a hierarchy of climate models<\/strong>. <em>Journal of Climate<\/em>, 28, 952-977. [<a href=\"https:\/\/journals.ametsoc.org\/doi\/10.1175\/JCLI-D-14-00353.1\" target=\"_blank\" rel=\"noopener\">link<\/a>][<a href=\"http:\/\/digitool.Library.McGill.CA:80\/R\/-?func=dbin-jump-full&amp;object_id=168596&amp;silo_library=GEN01\">pdf<\/a>]<\/p>\n<p><span style=\"color: #33cccc;\"><strong>2014<\/strong><\/span><\/p>\n<p>Majkut, J., B. Carter, C. O. Dufour, T. L. Fr\u00f6licher, K. Rodgers, J. L. Sarmiento (2014): <strong>An observing system simulation for Southern Ocean CO2 uptake<\/strong>. <em>Philosophical Transactions of the Royal Society A<\/em>,\u00a0 312, n\u25e62019. [<a href=\"http:\/\/rsta.royalsocietypublishing.org\/content\/372\/2019\/20130046\" target=\"_blank\" rel=\"noopener\">link<\/a>]<\/p>\n<p><strong><span style=\"color: #33cccc;\">2013<\/span><\/strong><\/p>\n<p>Zika, J. D., J. Le Sommer, C.O. Dufour, A. Naveira-Garabato and A. Blaker (2013): <strong>Acceleration of the Antarctic Circumpolar Current by Wind Stress Along the Coast of Antarctica.<\/strong><em> Journal of Physical Oceanography<\/em>, 43, 2772-2784. [<a href=\"https:\/\/journals.ametsoc.org\/doi\/abs\/10.1175\/JPO-D-13-091.1\" target=\"_blank\" rel=\"noopener\">link<\/a>][<a href=\"http:\/\/digitool.Library.McGill.CA:80\/R\/-?func=dbin-jump-full&amp;object_id=168603&amp;silo_library=GEN01\">pdf<\/a>]<\/p>\n<p>Dufour, C. O., J. Le Sommer, M. Gehlen, J. C. Orr, J.-M. Molines, J. Simeon and B. Barnier (2013): <strong>Eddy compensation and controls of the enhanced sea-to-air CO2 flux during positive phases of the Southern Annular Mode.<\/strong> <em>Global Biogeochemical Cycles<\/em>, 27, 950-961. [<a href=\"https:\/\/agupubs.onlinelibrary.wiley.com\/doi\/abs\/10.1002\/gbc.20090\" target=\"_blank\" rel=\"noopener\">link<\/a>][<a href=\"http:\/\/digitool.Library.McGill.CA:80\/R\/-?func=dbin-jump-full&amp;object_id=168595&amp;silo_library=GEN01\">pdf<\/a>]<\/p>\n<p><strong><span style=\"color: #33cccc;\">2012<\/span><\/strong><\/p>\n<p>Zika, J. D., J. Le Sommer, C. O. Dufour, et al. (2012):<strong> Vertical Eddy Fluxes in the Southern Ocean.<\/strong> <em>Journal of Physical Oceanography<\/em>, 43, 941-955. [<a href=\"https:\/\/journals.ametsoc.org\/doi\/abs\/10.1175\/JPO-D-12-0178.1\" target=\"_blank\" rel=\"noopener\">link<\/a>][<a href=\"http:\/\/digitool.Library.McGill.CA:80\/R\/-?func=dbin-jump-full&amp;object_id=168604&amp;silo_library=GEN01\">pdf<\/a>]<\/p>\n<p>Spence, P; O. A. Saenko, C. O. Dufour, J. Le Sommer and M. England (2012): <strong>Mechanisms maintaining Southern Ocean heat transport under projected wind forcing.<\/strong><em> Journal of Physical Oceanography<\/em>, 42, 1923-1931. [<a href=\"https:\/\/journals.ametsoc.org\/doi\/abs\/10.1175\/JPO-D-12-03.1\" target=\"_blank\" rel=\"noopener\">link<\/a>][<a href=\"http:\/\/digitool.Library.McGill.CA:80\/R\/-?func=dbin-jump-full&amp;object_id=168605&amp;silo_library=GEN01\">pdf<\/a>]<\/p>\n<p>Dufour, C. O.; J. Le Sommer, J. D. Zika, M. Gehlen, J. C. Orr, P. Mathiot and B. Barnier (2012):<strong> Standing and Transient Eddies in the Response of the Southern Ocean Meridional Overturning to the Southern Annular Mode.<\/strong> <em>Journal of Climate<\/em>, 25, 6958-6974. [<a href=\"https:\/\/journals.ametsoc.org\/doi\/abs\/10.1175\/JCLI-D-11-00309.1\" target=\"_blank\" rel=\"noopener\">link<\/a>][<a href=\"http:\/\/digitool.Library.McGill.CA:80\/R\/-?func=dbin-jump-full&amp;object_id=162563&amp;silo_library=GEN01\">pdf<\/a>]<\/p>\n<p><strong><span style=\"color: #33cccc;\">2011<\/span><\/strong><\/p>\n<p>Dufour, C. O.; J. Le Sommer, T. Penduff, B. Barnier and M. H. England (2011): <strong>Structure and Causes of the Pulsation Mode in the Antarctic Circumpolar Current South of Australia.<\/strong> <em>Journal of Physical Oceanography<\/em>, 41(2), 253-268. [<a href=\"https:\/\/journals.ametsoc.org\/doi\/abs\/10.1175\/2010JPO4193.1\" target=\"_blank\" rel=\"noopener\">link<\/a>][<a href=\"http:\/\/digitool.Library.McGill.CA:80\/R\/-?func=dbin-jump-full&amp;object_id=168598&amp;silo_library=GEN01\">pdf<\/a>]<\/p>\n<hr \/>\n<h4><strong>Newsletter<\/strong><\/h4>\n<p>Dufour, C. O., I. Frenger, T. L. Fr\u00f6licher, A. R. Gray, S. M. Griffies, A. K. Morrison, J. L. Sarmiento, and S. A. Schlunegger (2015): <strong>Anthropogenic carbon and heat uptake by the ocean: Will the Southern Ocean remain a major sink?.<\/strong> <em>US CLIVAR Variations<\/em>, Vol. 13, No. 4. [<a href=\"https:\/\/usclivar.org\/sites\/default\/files\/documents\/2015\/Variations2015Fall_0.pdf\" target=\"_blank\" rel=\"noopener\">link<\/a>][<a href=\"http:\/\/digitool.Library.McGill.CA:80\/R\/-?func=dbin-jump-full&amp;object_id=162568&amp;silo_library=GEN01\">pdf<\/a>]<\/p>\n<hr \/>\n<h4>Academic publications<\/h4>\n<p>Dufour C.O. (2011):<strong> R\u00f4le des tourbillons de m\u00e9so-\u00e9chelle oc\u00e9anique dans la variabilit\u00e9 r\u00e9cente des flux air-mer de CO2 dans l\u2019oc\u00e9an Austral.<\/strong> Ph.D. dissertation, University of Grenoble, France. [<a href=\"https:\/\/tel.archives-ouvertes.fr\/tel-00679918\/file\/24331_DUFOUR_2011_archivage1.pdf\" target=\"_blank\" rel=\"noopener\">link<\/a>]<\/p>\n<p>Dufour C.O. (2008):<strong> Variabilit\u00e9 des propri\u00e9t\u00e9s thermohalines des masses d\u2019eau modales et interm\u00e9diaires dans l\u2019ACC au sud de l\u2019Australie.<\/strong> Master thesis dissertation, University du Sud Toulon-Var, France<\/p>\n","protected":false},"excerpt":{"rendered":"<p>Peer-reviewed publications Submitted\/In review\/Under revision Martin, T., Dufour, C. O., Meijers, A. J. S., and Hancock, A. M. (in revision): Opinion: Status, Plans and Needs of Southern Ocean Modelling,\u00a0EGUsphere [preprint]. Publisher&#8217;s official version: [link], Open access version: [link]. Spira, T., I. Frenger, C. O. Dufour and Coauthors (in revision): No longer polar opposites? Similarities in &hellip; <a href=\"https:\/\/web.meteo.mcgill.ca\/cdufour\/publications\/\" class=\"more-link\">Continue reading<span class=\"screen-reader-text\"> &#8220;Publications&#8221;<\/span><\/a><\/p>\n","protected":false},"author":2,"featured_media":0,"parent":0,"menu_order":0,"comment_status":"closed","ping_status":"closed","template":"","meta":[],"_links":{"self":[{"href":"https:\/\/web.meteo.mcgill.ca\/cdufour\/wp-json\/wp\/v2\/pages\/98"}],"collection":[{"href":"https:\/\/web.meteo.mcgill.ca\/cdufour\/wp-json\/wp\/v2\/pages"}],"about":[{"href":"https:\/\/web.meteo.mcgill.ca\/cdufour\/wp-json\/wp\/v2\/types\/page"}],"author":[{"embeddable":true,"href":"https:\/\/web.meteo.mcgill.ca\/cdufour\/wp-json\/wp\/v2\/users\/2"}],"replies":[{"embeddable":true,"href":"https:\/\/web.meteo.mcgill.ca\/cdufour\/wp-json\/wp\/v2\/comments?post=98"}],"version-history":[{"count":91,"href":"https:\/\/web.meteo.mcgill.ca\/cdufour\/wp-json\/wp\/v2\/pages\/98\/revisions"}],"predecessor-version":[{"id":444,"href":"https:\/\/web.meteo.mcgill.ca\/cdufour\/wp-json\/wp\/v2\/pages\/98\/revisions\/444"}],"wp:attachment":[{"href":"https:\/\/web.meteo.mcgill.ca\/cdufour\/wp-json\/wp\/v2\/media?parent=98"}],"curies":[{"name":"wp","href":"https:\/\/api.w.org\/{rel}","templated":true}]}}