{"id":99,"date":"2018-06-15T08:11:18","date_gmt":"2018-06-15T08:11:18","guid":{"rendered":"http:\/\/web.meteo.mcgill.ca\/cdufour\/?page_id=99"},"modified":"2025-03-28T21:45:53","modified_gmt":"2025-03-28T21:45:53","slug":"contact-2","status":"publish","type":"page","link":"https:\/\/web.meteo.mcgill.ca\/cdufour\/contact-2\/","title":{"rendered":"Contact"},"content":{"rendered":"<h5><b>Carolina Dufour<\/b><\/h5>\n<p><em>Laboratoire d&#8217;Oc\u00e9anographie Physique et Spatiale (LOPS)<\/em><br \/>\n<em>B\u00e2timent Louis et Rose Freycinet<br \/>\n<\/em><\/p>\n<p><strong>Mail:<\/strong><\/p>\n<pre class=\"moz-signature\">B\u00e2timent Louis et Rose de Freycinet (Bat. 214)\nIFREMER \/ Centre de Brest\nZI Pointe du Diable - CS 10070\n29280 Plouzan\u00e9\nFrance<\/pre>\n<p><strong>Email:<\/strong> carolina.dufour@mcgill.ca<br \/>\n<strong>Tel:<\/strong> (+1) 514 398 8239<br \/>\n<strong>Website:<\/strong> <a href=\"https:\/\/web.meteo.mcgill.ca\/cdufour\/\">https:\/\/web.meteo.mcgill.ca\/cdufour\/<\/a><\/p>\n","protected":false},"excerpt":{"rendered":"<p>Carolina Dufour Laboratoire d&#8217;Oc\u00e9anographie Physique et Spatiale (LOPS) B\u00e2timent Louis et Rose Freycinet Mail: B\u00e2timent Louis et Rose de Freycinet (Bat. 214) IFREMER \/ Centre de Brest ZI Pointe du Diable &#8211; CS 10070 29280 Plouzan\u00e9 France Email: carolina.dufour@mcgill.ca Tel: (+1) 514 398 8239 Website: https:\/\/web.meteo.mcgill.ca\/cdufour\/<\/p>\n","protected":false},"author":2,"featured_media":0,"parent":0,"menu_order":0,"comment_status":"closed","ping_status":"closed","template":"","meta":[],"_links":{"self":[{"href":"https:\/\/web.meteo.mcgill.ca\/cdufour\/wp-json\/wp\/v2\/pages\/99"}],"collection":[{"href":"https:\/\/web.meteo.mcgill.ca\/cdufour\/wp-json\/wp\/v2\/pages"}],"about":[{"href":"https:\/\/web.meteo.mcgill.ca\/cdufour\/wp-json\/wp\/v2\/types\/page"}],"author":[{"embeddable":true,"href":"https:\/\/web.meteo.mcgill.ca\/cdufour\/wp-json\/wp\/v2\/users\/2"}],"replies":[{"embeddable":true,"href":"https:\/\/web.meteo.mcgill.ca\/cdufour\/wp-json\/wp\/v2\/comments?post=99"}],"version-history":[{"count":9,"href":"https:\/\/web.meteo.mcgill.ca\/cdufour\/wp-json\/wp\/v2\/pages\/99\/revisions"}],"predecessor-version":[{"id":400,"href":"https:\/\/web.meteo.mcgill.ca\/cdufour\/wp-json\/wp\/v2\/pages\/99\/revisions\/400"}],"wp:attachment":[{"href":"https:\/\/web.meteo.mcgill.ca\/cdufour\/wp-json\/wp\/v2\/media?parent=99"}],"curies":[{"name":"wp","href":"https:\/\/api.w.org\/{rel}","templated":true}]}}